{"id":22,"date":"2026-04-07T02:39:08","date_gmt":"2026-04-07T02:39:08","guid":{"rendered":"https:\/\/directoriomedico.terapiademuerdago.pe\/?page_id=22"},"modified":"2026-04-07T02:53:26","modified_gmt":"2026-04-07T02:53:26","slug":"medicos-directorio","status":"publish","type":"page","link":"https:\/\/directoriomedico.terapiademuerdago.pe\/index.php\/medicos-directorio\/","title":{"rendered":"Directorio de M\u00e9dicos"},"content":{"rendered":"\n    <div class=\"dm-wrapper\">\n\n        <!-- FILTROS -->\n        <div class=\"dm-filtros\">\n            <form method=\"GET\" action=\"\">\n                <div class=\"dm-filtros-grid\">\n\n                    <div class=\"dm-filtro-item\">\n                        <label for=\"dm_buscar\">\n                            <svg width=\"15\" height=\"15\" viewBox=\"0 0 24 24\" fill=\"none\" stroke=\"currentColor\" stroke-width=\"2.5\"><circle cx=\"11\" cy=\"11\" r=\"8\"\/><path d=\"m21 21-4.35-4.35\"\/><\/svg>\n                            Buscar m\u00e9dico\n                        <\/label>\n                        <input type=\"text\" id=\"dm_buscar\" name=\"dm_buscar\"\n                            placeholder=\"Nombre del m\u00e9dico...\"\n                            value=\"\">\n                    <\/div>\n\n                    <div class=\"dm-filtro-item\">\n                        <label for=\"dm_especialidad\">\n                            <svg width=\"15\" height=\"15\" viewBox=\"0 0 24 24\" fill=\"none\" stroke=\"currentColor\" stroke-width=\"2.5\"><path d=\"M22 12h-4l-3 9L9 3l-3 9H2\"\/><\/svg>\n                            Especialidad\n                        <\/label>\n                        <select id=\"dm_especialidad\" name=\"dm_especialidad\">\n                            <option value=\"\">Todas las especialidades<\/option>\n                                                            <option value=\"M\u00e9dico Cirujano\"\n                                    >\n                                    M\u00e9dico Cirujano                                <\/option>\n                                                    <\/select>\n                    <\/div>\n\n                    <div class=\"dm-filtro-item\">\n                        <label for=\"dm_distrito\">\n                            <svg width=\"15\" height=\"15\" viewBox=\"0 0 24 24\" fill=\"none\" stroke=\"currentColor\" stroke-width=\"2.5\"><path d=\"M21 10c0 7-9 13-9 13s-9-6-9-13a9 9 0 0 1 18 0z\"\/><circle cx=\"12\" cy=\"10\" r=\"3\"\/><\/svg>\n                            Distrito\n                        <\/label>\n                        <select id=\"dm_distrito\" name=\"dm_distrito\">\n                            <option value=\"\">Todos los distritos<\/option>\n                                                            <option value=\"miraflores\"\n                                    >\n                                    Miraflores                                <\/option>\n                                                            <option value=\"san_borja\"\n                                    >\n                                    San Borja                                <\/option>\n                                                            <option value=\"san_isidro\"\n                                    >\n                                    San Isidro                                <\/option>\n                                                            <option value=\"surco\"\n                                    >\n                                    Santiago de Surco                                <\/option>\n                                                            <option value=\"la_molina\"\n                                    >\n                                    La Molina                                <\/option>\n                                                            <option value=\"barranco\"\n                                    >\n                                    Barranco                                <\/option>\n                                                            <option value=\"jesus_maria\"\n                                    >\n                                    Jes\u00fas Mar\u00eda                                <\/option>\n                                                            <option value=\"lince\"\n                                    >\n                                    Lince                                <\/option>\n                                                            <option value=\"magdalena\"\n                                    >\n                                    Magdalena del Mar                                <\/option>\n                                                            <option value=\"pueblo_libre\"\n                                    >\n                                    Pueblo Libre                                <\/option>\n                                                            <option value=\"san_miguel\"\n                                    >\n                                    San Miguel                                <\/option>\n                                                            <option value=\"bre\u00f1a\"\n                                    >\n                                    Bre\u00f1a                                <\/option>\n                                                            <option value=\"rimac\"\n                                    >\n                                    R\u00edmac                                <\/option>\n                                                            <option value=\"sjl\"\n                                    >\n                                    San Juan de Lurigancho                                <\/option>\n                                                            <option value=\"smp\"\n                                    >\n                                    San Mart\u00edn de Porres                                <\/option>\n                                                            <option value=\"los_olivos\"\n                                    >\n                                    Los Olivos                                <\/option>\n                                                            <option value=\"comas\"\n                                    >\n                                    Comas                                <\/option>\n                                                            <option value=\"ate\"\n                                    >\n                                    Ate                                <\/option>\n                                                            <option value=\"villa_el_salvador\"\n                                    >\n                                    Villa El Salvador                                <\/option>\n                                                            <option value=\"chorrillos\"\n                                    >\n                                    Chorrillos                                <\/option>\n                                                    <\/select>\n                    <\/div>\n\n                    <div class=\"dm-filtro-btn-wrap\">\n                        <button type=\"submit\" class=\"dm-btn-buscar\">Buscar<\/button>\n                                            <\/div>\n\n                <\/div>\n            <\/form>\n        <\/div>\n\n        <!-- CONTADOR -->\n        <p class=\"dm-contador\">\n                            Se encontraron <strong>2<\/strong> m\u00e9dico(s)\n                                                    <\/p>\n\n        <!-- GRID -->\n                <div class=\"dm-grid\">\n            \n            <article class=\"dm-card\" itemscope itemtype=\"https:\/\/schema.org\/Physician\">\n\n                <!-- \u2550\u2550\u2550 LADO IZQUIERDO (blanco) \u2550\u2550\u2550 -->\n                <div class=\"dm-card-left\">\n\n                    <div class=\"dm-foto-wrap\">\n                        <img decoding=\"async\" src=\"https:\/\/directoriomedico.terapiademuerdago.pe\/wp-content\/uploads\/2026\/04\/ELVIRA.png\"\n                             alt=\"Dra. ELVIRA S\u00c1NCHEZ S\u00c1NCHEZ\"\n                             class=\"dm-foto\"\n                             loading=\"lazy\"\n                             itemprop=\"image\">\n                    <\/div>\n\n                    <h2 class=\"dm-nombre\" itemprop=\"name\">\n                        Dra. ELVIRA S\u00c1NCHEZ S\u00c1NCHEZ                    <\/h2>\n\n                    <div class=\"dm-badge\">\n                        <span class=\"dm-especialidad\" itemprop=\"medicalSpecialty\">\n                            M\u00e9dico Cirujano                        <\/span>\n                                                    <span class=\"dm-sep-badge\">\u00b7<\/span>\n                            <span class=\"dm-cmp\">CMP: CMP:35380<\/span>\n                                            <\/div>\n\n                <\/div>\n\n                <!-- \u2550\u2550\u2550 LADO DERECHO (verde) \u2550\u2550\u2550 -->\n                <div class=\"dm-card-right\">\n\n                                        <p class=\"dm-label-consultorio\">Consultorio<\/p>\n                    <div class=\"dm-logo-box\" itemprop=\"worksFor\" itemscope itemtype=\"https:\/\/schema.org\/MedicalOrganization\">\n                                                    <img decoding=\"async\" src=\"https:\/\/directoriomedico.terapiademuerdago.pe\/wp-content\/uploads\/2026\/04\/Vida_Salud.png\"\n                                 alt=\"Logo Vida &amp; Salud\"\n                                 class=\"dm-logo-img\"\n                                 loading=\"lazy\"\n                                 itemprop=\"logo\">\n                                            <\/div>\n                    \n                                        <a href=\"https:\/\/wa.me\/51994728292?text=Hola%2C+me+gustar%C3%ADa+agendar+una+cita+con+Dra.+ELVIRA+S%C3%81NCHEZ+S%C3%81NCHEZ\"\n                       class=\"dm-btn-agendar\"\n                       target=\"_blank\"\n                       rel=\"noopener noreferrer\"\n                       aria-label=\"Agendar cita con Dra. ELVIRA S\u00c1NCHEZ S\u00c1NCHEZ v\u00eda WhatsApp\">\n                        AGENDAR CITA\n                    <\/a>\n                    \n                    <ul class=\"dm-info-lista\">\n                                                <li>\n                            <span class=\"dm-icon\">\n                                <svg viewBox=\"0 0 24 24\" fill=\"none\" stroke=\"currentColor\" stroke-width=\"2\"><path d=\"M21 10c0 7-9 13-9 13s-9-6-9-13a9 9 0 0 1 18 0z\"\/><circle cx=\"12\" cy=\"10\" r=\"3\"\/><\/svg>\n                            <\/span>\n                            <span itemprop=\"address\">\n\t\t\t\t\t\t\t \t<span class=\"dm-ubicacion\">\n\t\t\t\t\t\t\t\t\tSan Juan de Lurigancho, Lima\t\t\t\t\t\t\t<\/span><br\/>\n\t\t\t\t\t\t\t\t<span class=\"dm-calle\"><\/span>\n\t\t\t\t\t\t\t\n                                \n\t\t\t\t\t\t\t\n                            <\/span>\n                        <\/li>\n                        \n                                                <li>\n                            <span class=\"dm-icon\">\n                                <svg viewBox=\"0 0 24 24\" fill=\"none\" stroke=\"currentColor\" stroke-width=\"2\"><path d=\"M22 16.92v3a2 2 0 0 1-2.18 2 19.79 19.79 0 0 1-8.63-3.07A19.5 19.5 0 0 1 4.69 13 19.79 19.79 0 0 1 1.61 4.4 2 2 0 0 1 3.6 2.22h3a2 2 0 0 1 2 1.72c.127.96.361 1.903.7 2.81a2 2 0 0 1-.45 2.11L7.91 9.91a16 16 0 0 0 6.06 6.06l.95-.95a2 2 0 0 1 2.11-.45c.907.339 1.85.573 2.81.7A2 2 0 0 1 22 16.92z\"\/><\/svg>\n                            <\/span>\n                            <a href=\"tel:994728292\" itemprop=\"telephone\">\n                                994728292                            <\/a>\n                        <\/li>\n                        \n                                                <li>\n                            <span class=\"dm-icon\">\n                                <svg viewBox=\"0 0 24 24\" fill=\"none\" stroke=\"currentColor\" stroke-width=\"2\"><path d=\"M4 4h16c1.1 0 2 .9 2 2v12c0 1.1-.9 2-2 2H4c-1.1 0-2-.9-2-2V6c0-1.1.9-2 2-2z\"\/><polyline points=\"22,6 12,12 2,6\"\/><\/svg>\n                            <\/span>\n                            <a href=\"mailto:ctvidaysalud@gmail.com\" itemprop=\"email\">\n                                ctvidaysalud@gmail.com                            <\/a>\n                        <\/li>\n                                            <\/ul>\n\n                <\/div>\n\n            <\/article>\n            \n            <article class=\"dm-card\" itemscope itemtype=\"https:\/\/schema.org\/Physician\">\n\n                <!-- \u2550\u2550\u2550 LADO IZQUIERDO (blanco) \u2550\u2550\u2550 -->\n                <div class=\"dm-card-left\">\n\n                    <div class=\"dm-foto-wrap\">\n                        <img decoding=\"async\" src=\"https:\/\/directoriomedico.terapiademuerdago.pe\/wp-content\/uploads\/2026\/04\/FRIDA-PAREDES-ALFARO.png\"\n                             alt=\"Dra. FRIDA PAREDES ALFARO\"\n                             class=\"dm-foto\"\n                             loading=\"lazy\"\n                             itemprop=\"image\">\n                    <\/div>\n\n                    <h2 class=\"dm-nombre\" itemprop=\"name\">\n                        Dra. FRIDA PAREDES ALFARO                    <\/h2>\n\n                    <div class=\"dm-badge\">\n                        <span class=\"dm-especialidad\" itemprop=\"medicalSpecialty\">\n                            M\u00e9dico Cirujano                        <\/span>\n                                                    <span class=\"dm-sep-badge\">\u00b7<\/span>\n                            <span class=\"dm-cmp\">CMP: CMP:52825<\/span>\n                                            <\/div>\n\n                <\/div>\n\n                <!-- \u2550\u2550\u2550 LADO DERECHO (verde) \u2550\u2550\u2550 -->\n                <div class=\"dm-card-right\">\n\n                                        <p class=\"dm-label-consultorio\">Consultorio<\/p>\n                    <div class=\"dm-logo-box\" itemprop=\"worksFor\" itemscope itemtype=\"https:\/\/schema.org\/MedicalOrganization\">\n                                                    <img decoding=\"async\" src=\"https:\/\/directoriomedico.terapiademuerdago.pe\/wp-content\/uploads\/2026\/04\/Ars-Vitae.png\"\n                                 alt=\"Logo ARS VITAE\"\n                                 class=\"dm-logo-img\"\n                                 loading=\"lazy\"\n                                 itemprop=\"logo\">\n                                            <\/div>\n                    \n                                        <a href=\"https:\/\/wa.me\/51954780522?text=Hola%2C+me+gustar%C3%ADa+agendar+una+cita+con+Dra.+FRIDA+PAREDES+ALFARO\"\n                       class=\"dm-btn-agendar\"\n                       target=\"_blank\"\n                       rel=\"noopener noreferrer\"\n                       aria-label=\"Agendar cita con Dra. FRIDA PAREDES ALFARO v\u00eda WhatsApp\">\n                        AGENDAR CITA\n                    <\/a>\n                    \n                    <ul class=\"dm-info-lista\">\n                                                <li>\n                            <span class=\"dm-icon\">\n                                <svg viewBox=\"0 0 24 24\" fill=\"none\" stroke=\"currentColor\" stroke-width=\"2\"><path d=\"M21 10c0 7-9 13-9 13s-9-6-9-13a9 9 0 0 1 18 0z\"\/><circle cx=\"12\" cy=\"10\" r=\"3\"\/><\/svg>\n                            <\/span>\n                            <span itemprop=\"address\">\n\t\t\t\t\t\t\t \t<span class=\"dm-ubicacion\">\n\t\t\t\t\t\t\t\t\tSan Borja, Lima\t\t\t\t\t\t\t<\/span><br\/>\n\t\t\t\t\t\t\t\t<span class=\"dm-calle\">Av. San Borja Norte 613, Consultorio 404<\/span>\n\t\t\t\t\t\t\t\n                                \n\t\t\t\t\t\t\t\n                            <\/span>\n                        <\/li>\n                        \n                                                <li>\n                            <span class=\"dm-icon\">\n                                <svg viewBox=\"0 0 24 24\" fill=\"none\" stroke=\"currentColor\" stroke-width=\"2\"><path d=\"M22 16.92v3a2 2 0 0 1-2.18 2 19.79 19.79 0 0 1-8.63-3.07A19.5 19.5 0 0 1 4.69 13 19.79 19.79 0 0 1 1.61 4.4 2 2 0 0 1 3.6 2.22h3a2 2 0 0 1 2 1.72c.127.96.361 1.903.7 2.81a2 2 0 0 1-.45 2.11L7.91 9.91a16 16 0 0 0 6.06 6.06l.95-.95a2 2 0 0 1 2.11-.45c.907.339 1.85.573 2.81.7A2 2 0 0 1 22 16.92z\"\/><\/svg>\n                            <\/span>\n                            <a href=\"tel:954780522\" itemprop=\"telephone\">\n                                954780522                            <\/a>\n                        <\/li>\n                        \n                                                <li>\n                            <span class=\"dm-icon\">\n                                <svg viewBox=\"0 0 24 24\" fill=\"none\" stroke=\"currentColor\" stroke-width=\"2\"><path d=\"M4 4h16c1.1 0 2 .9 2 2v12c0 1.1-.9 2-2 2H4c-1.1 0-2-.9-2-2V6c0-1.1.9-2 2-2z\"\/><polyline points=\"22,6 12,12 2,6\"\/><\/svg>\n                            <\/span>\n                            <a href=\"mailto:fridafsh4@gmail.com\" itemprop=\"email\">\n                                fridafsh4@gmail.com                            <\/a>\n                        <\/li>\n                                            <\/ul>\n\n                <\/div>\n\n            <\/article>\n                    <\/div>\n\n        <!-- PAGINACI\u00d3N -->\n        <div class=\"dm-paginacion\">\n                    <\/div>\n\n        \n    <\/div>\n    \n\n\n\n<p><\/p>\n","protected":false},"excerpt":{"rendered":"","protected":false},"author":1,"featured_media":0,"parent":0,"menu_order":0,"comment_status":"closed","ping_status":"closed","template":"","meta":{"_acf_changed":false,"site-sidebar-layout":"default","site-content-layout":"","ast-site-content-layout":"default","site-content-style":"default","site-sidebar-style":"default","ast-global-header-display":"","ast-banner-title-visibility":"","ast-main-header-display":"","ast-hfb-above-header-display":"","ast-hfb-below-header-display":"","ast-hfb-mobile-header-display":"","site-post-title":"","ast-breadcrumbs-content":"","ast-featured-img":"","footer-sml-layout":"","ast-disable-related-posts":"","theme-transparent-header-meta":"","adv-header-id-meta":"","stick-header-meta":"","header-above-stick-meta":"","header-main-stick-meta":"","header-below-stick-meta":"","astra-migrate-meta-layouts":"default","ast-page-background-enabled":"default","ast-page-background-meta":{"desktop":{"background-color":"var(--ast-global-color-5)","background-image":"","background-repeat":"repeat","background-position":"center center","background-size":"auto","background-attachment":"scroll","background-type":"","background-media":"","overlay-type":"","overlay-color":"","overlay-opacity":"","overlay-gradient":""},"tablet":{"background-color":"","background-image":"","background-repeat":"repeat","background-position":"center center","background-size":"auto","background-attachment":"scroll","background-type":"","background-media":"","overlay-type":"","overlay-color":"","overlay-opacity":"","overlay-gradient":""},"mobile":{"background-color":"","background-image":"","background-repeat":"repeat","background-position":"center center","background-size":"auto","background-attachment":"scroll","background-type":"","background-media":"","overlay-type":"","overlay-color":"","overlay-opacity":"","overlay-gradient":""}},"ast-content-background-meta":{"desktop":{"background-color":"var(--ast-global-color-4)","background-image":"","background-repeat":"repeat","background-position":"center center","background-size":"auto","background-attachment":"scroll","background-type":"","background-media":"","overlay-type":"","overlay-color":"","overlay-opacity":"","overlay-gradient":""},"tablet":{"background-color":"var(--ast-global-color-4)","background-image":"","background-repeat":"repeat","background-position":"center center","background-size":"auto","background-attachment":"scroll","background-type":"","background-media":"","overlay-type":"","overlay-color":"","overlay-opacity":"","overlay-gradient":""},"mobile":{"background-color":"var(--ast-global-color-4)","background-image":"","background-repeat":"repeat","background-position":"center center","background-size":"auto","background-attachment":"scroll","background-type":"","background-media":"","overlay-type":"","overlay-color":"","overlay-opacity":"","overlay-gradient":""}},"footnotes":""},"class_list":["post-22","page","type-page","status-publish","hentry"],"acf":[],"_links":{"self":[{"href":"https:\/\/directoriomedico.terapiademuerdago.pe\/index.php\/wp-json\/wp\/v2\/pages\/22","targetHints":{"allow":["GET"]}}],"collection":[{"href":"https:\/\/directoriomedico.terapiademuerdago.pe\/index.php\/wp-json\/wp\/v2\/pages"}],"about":[{"href":"https:\/\/directoriomedico.terapiademuerdago.pe\/index.php\/wp-json\/wp\/v2\/types\/page"}],"author":[{"embeddable":true,"href":"https:\/\/directoriomedico.terapiademuerdago.pe\/index.php\/wp-json\/wp\/v2\/users\/1"}],"replies":[{"embeddable":true,"href":"https:\/\/directoriomedico.terapiademuerdago.pe\/index.php\/wp-json\/wp\/v2\/comments?post=22"}],"version-history":[{"count":2,"href":"https:\/\/directoriomedico.terapiademuerdago.pe\/index.php\/wp-json\/wp\/v2\/pages\/22\/revisions"}],"predecessor-version":[{"id":29,"href":"https:\/\/directoriomedico.terapiademuerdago.pe\/index.php\/wp-json\/wp\/v2\/pages\/22\/revisions\/29"}],"wp:attachment":[{"href":"https:\/\/directoriomedico.terapiademuerdago.pe\/index.php\/wp-json\/wp\/v2\/media?parent=22"}],"curies":[{"name":"wp","href":"https:\/\/api.w.org\/{rel}","templated":true}]}}